{"id":161,"date":"2011-11-21T11:00:54","date_gmt":"2011-11-21T11:00:54","guid":{"rendered":"http:\/\/alte-farm.pl\/?page_id=161"},"modified":"2026-04-01T07:46:55","modified_gmt":"2026-04-01T07:46:55","slug":"apartamenty","status":"publish","type":"page","link":"https:\/\/alte-farm.pl\/de\/apartamenty\/","title":{"rendered":"Apartments"},"content":{"rendered":"<p style=\"text-align: justify;\">Apartamenty odrestaurowane i kompleksowo wyposa\u017cone z indywidualnym wej\u015bciem i sieni\u0105 zieleni:<\/p>\r\n<p style=\"text-align: left;\">[checklist]<\/p>\r\n\r\n<ul>\r\n\t<li>Wohnzimmer<\/li>\r\n\t<li>Schlafzimmer<\/li>\r\n\t<li>Bad mit Dusche und WC<\/li>\r\n\t<li>K\u00fcchenzeile mit Elektroger\u00e4ten<\/li>\r\n\t<li>Satelliten-TV<\/li>\r\n\t<li>WLAN-Internet<\/li>\r\n\t<li>Strand-und Gartenger\u00e4te &#8211; Tisch, St\u00fchle, Sonnenschirm<\/li>\r\n<\/ul>\r\n<div>[\/checklist]<\/div>\r\n<h3 style=\"text-align: justify;\"><strong>PREISE:<\/strong><\/h3>\r\n<table>\r\n<tbody>\r\n<tr>\r\n<td width=\"201\"><strong>Apartment Privat<\/strong><\/td>\r\n<td width=\"201\"><strong>etwa 44 m<sup>2<\/sup> max 5 Pers.<\/strong><\/td>\r\n<td width=\"201\"><strong>250,00 PLN \/ Tag<\/strong><\/td>\r\n<\/tr>\r\n<tr>\r\n<td width=\"201\"><strong>Apartement Nr. P<\/strong><\/td>\r\n<td width=\"201\"><strong>etwa 41 m<sup>2<\/sup> max 6 Pers.<\/strong><\/td>\r\n<td width=\"201\"><strong>240,00 PLN \/ Tag<\/strong><\/td>\r\n<\/tr>\r\n<tr>\r\n<td width=\"201\"><strong>Apartement Nr. 1<\/strong><\/td>\r\n<td width=\"201\"><strong>etwa 38 m<sup>2<\/sup> max 5 Pers.<\/strong><\/td>\r\n<td width=\"201\"><strong>220,00 PLN \/ Tag<\/strong><\/td>\r\n<\/tr>\r\n<tr>\r\n<td width=\"201\"><strong>Apartement Nr. 2<\/strong><\/td>\r\n<td width=\"201\"><strong>etwa 26 m<sup>2<\/sup> max 4 Pers.<\/strong><\/td>\r\n<td width=\"201\"><strong>180,00 PLN \/ Tag<\/strong><\/td>\r\n<\/tr>\r\n<tr>\r\n<td width=\"201\"><strong>Apartement Nr. 3<\/strong><\/td>\r\n<td width=\"201\"><strong>etwa 25 m<sup>2<\/sup> max 4 Pers.<\/strong><\/td>\r\n<td width=\"201\"><strong>170,00 PLN \/ Tag<\/strong><\/td>\r\n<\/tr>\r\n<tr>\r\n<td width=\"201\"><strong>Apartement Nr. 4<\/strong><\/td>\r\n<td width=\"201\"><strong>etwa 40 m<sup>2<\/sup> max 5 Pers.<\/strong><\/td>\r\n<td width=\"201\"><strong>220,00 PLN \/ Tag<\/strong><\/td>\r\n<\/tr>\r\n<\/tbody>\r\n<\/table>\r\n<h3 style=\"text-align: justify;\">Zus\u00e4tzliche Informationen:<\/h3>\r\n<p style=\"text-align: justify;\">[checklist]<\/p>\r\n\r\n<ul>\r\n\t<li style=\"text-align: justify;\">Bitte fragen Sie nach unseren Sonderpreisen!<\/li>\r\n\t<li style=\"text-align: justify;\">\u00a0Check-in ab13:00 Uhr, Check-out bis 11:00.<\/li>\r\n\t<li style=\"text-align: justify;\">Uhroptional: Fr\u00fchst\u00fcck, Abendessen, Halbpension.<\/li>\r\n\t<li style=\"text-align: justify;\">Haustiere 10 PLN \/ Tag.<\/li>\r\n\t<li style=\"text-align: justify;\"><strong>Storno ihrer Buchung ohne Kosten bis 21 Tage vor Anreise.<\/strong><\/li>\r\n\t<li style=\"text-align: justify;\"><strong>Als Best\u00e4tigung der Buchung muss die Anzahlung auf unserem Konto innerhalb von 7 Tagen eingegangen sein.<\/strong><\/li>\r\n\t<li style=\"text-align: justify;\"><strong>Ohne Anzahlung beh\u00e4lt sich die Alte Farm beh\u00e4lt das Recht vor, die Buchung zu stornieren.<\/strong><\/li>\r\n\t<li style=\"text-align: justify;\"><strong>Der Restbetrag des Aufenthaltes zahlen Sie an Anreisetag!<\/strong><\/li>\r\n\t<li style=\"text-align: justify;\"><strong>Keine Kreditkarten!<\/strong><\/li>\r\n<\/ul>\r\n[\/checklist]\r\n<p style=\"text-align: left;\">ngg_shortcode_0_placeholder<\/p>","protected":false},"excerpt":{"rendered":"<p>Apartamenty odrestaurowane i kompleksowo wyposa\u017cone z indywidualnym wej\u015bciem i sieni\u0105 zieleni: [checklist] Wohnzimmer Schlafzimmer Bad mit Dusche und WC K\u00fcchenzeile [&hellip;]<\/p>\n","protected":false},"author":1,"featured_media":0,"parent":0,"menu_order":0,"comment_status":"closed","ping_status":"closed","template":"","meta":{"site-sidebar-layout":"default","site-content-layout":"","ast-site-content-layout":"default","site-content-style":"default","site-sidebar-style":"default","ast-global-header-display":"","ast-banner-title-visibility":"","ast-main-header-display":"","ast-hfb-above-header-display":"","ast-hfb-below-header-display":"","ast-hfb-mobile-header-display":"","site-post-title":"","ast-breadcrumbs-content":"","ast-featured-img":"","footer-sml-layout":"","ast-disable-related-posts":"","theme-transparent-header-meta":"","adv-header-id-meta":"","stick-header-meta":"","header-above-stick-meta":"","header-main-stick-meta":"","header-below-stick-meta":"","astra-migrate-meta-layouts":"default","ast-page-background-enabled":"default","ast-page-background-meta":{"desktop":{"background-color":"var(--ast-global-color-5)","background-image":"","background-repeat":"repeat","background-position":"center center","background-size":"auto","background-attachment":"scroll","background-type":"","background-media":"","overlay-type":"","overlay-color":"","overlay-opacity":"","overlay-gradient":""},"tablet":{"background-color":"","background-image":"","background-repeat":"repeat","background-position":"center center","background-size":"auto","background-attachment":"scroll","background-type":"","background-media":"","overlay-type":"","overlay-color":"","overlay-opacity":"","overlay-gradient":""},"mobile":{"background-color":"","background-image":"","background-repeat":"repeat","background-position":"center center","background-size":"auto","background-attachment":"scroll","background-type":"","background-media":"","overlay-type":"","overlay-color":"","overlay-opacity":"","overlay-gradient":""}},"ast-content-background-meta":{"desktop":{"background-color":"var(--ast-global-color-4)","background-image":"","background-repeat":"repeat","background-position":"center center","background-size":"auto","background-attachment":"scroll","background-type":"","background-media":"","overlay-type":"","overlay-color":"","overlay-opacity":"","overlay-gradient":""},"tablet":{"background-color":"var(--ast-global-color-4)","background-image":"","background-repeat":"repeat","background-position":"center center","background-size":"auto","background-attachment":"scroll","background-type":"","background-media":"","overlay-type":"","overlay-color":"","overlay-opacity":"","overlay-gradient":""},"mobile":{"background-color":"var(--ast-global-color-4)","background-image":"","background-repeat":"repeat","background-position":"center center","background-size":"auto","background-attachment":"scroll","background-type":"","background-media":"","overlay-type":"","overlay-color":"","overlay-opacity":"","overlay-gradient":""}},"ngg_post_thumbnail":0,"footnotes":""},"class_list":["post-161","page","type-page","status-publish","hentry"],"_links":{"self":[{"href":"https:\/\/alte-farm.pl\/de\/wp-json\/wp\/v2\/pages\/161","targetHints":{"allow":["GET"]}}],"collection":[{"href":"https:\/\/alte-farm.pl\/de\/wp-json\/wp\/v2\/pages"}],"about":[{"href":"https:\/\/alte-farm.pl\/de\/wp-json\/wp\/v2\/types\/page"}],"author":[{"embeddable":true,"href":"https:\/\/alte-farm.pl\/de\/wp-json\/wp\/v2\/users\/1"}],"replies":[{"embeddable":true,"href":"https:\/\/alte-farm.pl\/de\/wp-json\/wp\/v2\/comments?post=161"}],"version-history":[{"count":47,"href":"https:\/\/alte-farm.pl\/de\/wp-json\/wp\/v2\/pages\/161\/revisions"}],"predecessor-version":[{"id":2455,"href":"https:\/\/alte-farm.pl\/de\/wp-json\/wp\/v2\/pages\/161\/revisions\/2455"}],"wp:attachment":[{"href":"https:\/\/alte-farm.pl\/de\/wp-json\/wp\/v2\/media?parent=161"}],"curies":[{"name":"wp","href":"https:\/\/api.w.org\/{rel}","templated":true}]}}