{"id":163,"date":"2011-11-21T11:01:15","date_gmt":"2011-11-21T11:01:15","guid":{"rendered":"http:\/\/alte-farm.pl\/?page_id=163"},"modified":"2026-04-18T13:39:36","modified_gmt":"2026-04-18T13:39:36","slug":"oferta-dla-szkol","status":"publish","type":"page","link":"https:\/\/alte-farm.pl\/golf\/de\/oferta-dla-szkol\/","title":{"rendered":"Oferta dla szk\u00f3\u0142"},"content":{"rendered":"<p><\/p>\n<h4><a href=\"http:\/\/alte-farm.pl\/wp-content\/uploads\/2011\/11\/plakat.jpg\" rel=\"attachment wp-att-801\"><img loading=\"lazy\" decoding=\"async\" class=\"alignnone size-full wp-image-801\" src=\"http:\/\/alte-farm.pl\/wp-content\/uploads\/2011\/11\/plakat.jpg\" alt=\"plakat\" width=\"620\" height=\"872\" srcset=\"https:\/\/alte-farm.pl\/golf\/wp-content\/uploads\/2011\/11\/plakat.jpg 620w, https:\/\/alte-farm.pl\/golf\/wp-content\/uploads\/2011\/11\/plakat-213x300.jpg 213w, https:\/\/alte-farm.pl\/golf\/wp-content\/uploads\/2011\/11\/plakat-142x200.jpg 142w\" sizes=\"auto, (max-width: 620px) 100vw, 620px\" \/><\/a><\/h4>\n<h4>Drodzy Wychowawcy!<\/h4>\n<p style=\"text-align: left;\">Pragniemy Pa\u0144stwu przedstawi\u0107 gospodarstwo agroturystyczne Alte Farm, i ofert\u0119 programu turystyczno &#8211; edukacyjnego. Nasza propozycja pozwoli Pa\u0144stwu przygotowa\u0107 komfortowe warunki dla realizacji plan\u00f3w zielonej szko\u0142y i piknik\u00f3w krajoznawczo &#8211; edukacyjnych. Pobyt u nas mo\u017ce mie\u0107 charakter zaj\u0119\u0107 warsztatowych po\u0142\u0105czonych z rekreacj\u0105. Grupy mog\u0105 przebywa\u0107 przez kilka dni, lub np. w dzie\u0144 wybrany. Ka\u017cdy program dostosowujemy do Pa\u0144stwa oczekiwa\u0144. [itemlist]<\/p>\n<ul>\n<li><strong>Baza edukacyjna<\/strong>\n<ul>\n<li>\u015acie\u017cka edukacyjno przyrodnicza<\/li>\n<li>Park Podworski w Rusowie<\/li>\n<li>Zabytkowy ko\u015bci\u00f3\u0142<\/li>\n<li>Obraz wsi wsp\u00f3\u0142czesnej i tradycyjnej<\/li>\n<li>Nowe technologie uzyskiwania energii<\/li>\n<li>Krajobrazy, morze, pla\u017ca, wydmy<\/li>\n<li>KONWERSACJE W J\u0118ZYKU NIEMIECKIM I ANGIELSKIM<\/li>\n<\/ul>\n<\/li>\n<li><strong>Oferta rekreacyjna<\/strong>\n<ul>\n<li>basen<\/li>\n<li>golf drivingr range<\/li>\n<li>du\u017cy teren zielony<\/li>\n<li>tenis sto\u0142owy<\/li>\n<li>mo\u017cliwo\u015b\u0107 zorganizowania ogniska<\/li>\n<li>mini &#8211; plac zabaw dla dzieci<\/li>\n<li>boisko do siatk\u00f3wki, koszyk\u00f3wki<\/li>\n<li>sala konferencyjna<\/li>\n<li>dyskoteka<\/li>\n<\/ul>\n<\/li>\n<\/ul>\n<p style=\"text-align: left;\">[\/itemlist] Nasze oferty to r\u00f3wnie\u017c wspania\u0142y spos\u00f3b na zorganizowanie niepowtarzalnej i nietypowej wycieczki szkolnej, kt\u00f3rej wra\u017cenia pozostan\u0105 w pami\u0119ci na d\u0142ugi czas.<\/p>\n<p>[itemlist]<\/p>\n<ul>\n<li><strong>OFERTA<\/strong>\n<ul>\n<li>Zakwaterowanie: w pokojach (max ilo\u015b\u0107 os\u00f3b 32)<\/li>\n<li>Wy\u017cywienie: ca\u0142odzienne<\/li>\n<li>Zaj\u0119cia edukacyjne<\/li>\n<\/ul>\n<\/li>\n<li><strong>CENNIK<\/strong>\n<ul>\n<li>Pobyt dobowy z noclegiem, wy\u017cywieniem i nauka gry w golfa <strong>110z\u0142<\/strong>\/osob\u0119<\/li>\n<li>\u00a0Pobyt 3 dniowy (2 doby) z noclegiem, wy\u017cywieniem, nauk\u0105 gry w golfa i innymi atrakcjami <strong>205z\u0142<\/strong>\/osob\u0119<\/li>\n<\/ul>\n<\/li>\n<\/ul>\n<p style=\"text-align: left;\">[\/itemlist]<br \/>\nNa indywidualne oczekiwania nauczycieli, dostosowujemy program i ofert\u0119 cenow\u0105 specjalnie dla Pa\u0144stwa grupy.<\/p>\n<p><\/p>","protected":false},"excerpt":{"rendered":"<p>Drodzy Wychowawcy! Pragniemy Pa\u0144stwu przedstawi\u0107 gospodarstwo agroturystyczne Alte Farm, i ofert\u0119 programu turystyczno &#8211; edukacyjnego. Nasza propozycja pozwoli Pa\u0144stwu przygotowa\u0107 komfortowe warunki dla realizacji plan\u00f3w zielonej szko\u0142y i piknik\u00f3w krajoznawczo &#8211; edukacyjnych. Pobyt u nas mo\u017ce mie\u0107 charakter zaj\u0119\u0107 warsztatowych po\u0142\u0105czonych z rekreacj\u0105. Grupy mog\u0105 przebywa\u0107 przez kilka dni, lub np. w dzie\u0144 wybrany. Ka\u017cdy [&hellip;]<\/p>\n","protected":false},"author":1,"featured_media":0,"parent":0,"menu_order":0,"comment_status":"closed","ping_status":"closed","template":"","meta":{"ngg_post_thumbnail":0,"footnotes":""},"class_list":["post-163","page","type-page","status-publish","hentry"],"_links":{"self":[{"href":"https:\/\/alte-farm.pl\/golf\/de\/wp-json\/wp\/v2\/pages\/163","targetHints":{"allow":["GET"]}}],"collection":[{"href":"https:\/\/alte-farm.pl\/golf\/de\/wp-json\/wp\/v2\/pages"}],"about":[{"href":"https:\/\/alte-farm.pl\/golf\/de\/wp-json\/wp\/v2\/types\/page"}],"author":[{"embeddable":true,"href":"https:\/\/alte-farm.pl\/golf\/de\/wp-json\/wp\/v2\/users\/1"}],"replies":[{"embeddable":true,"href":"https:\/\/alte-farm.pl\/golf\/de\/wp-json\/wp\/v2\/comments?post=163"}],"version-history":[{"count":28,"href":"https:\/\/alte-farm.pl\/golf\/de\/wp-json\/wp\/v2\/pages\/163\/revisions"}],"predecessor-version":[{"id":2481,"href":"https:\/\/alte-farm.pl\/golf\/de\/wp-json\/wp\/v2\/pages\/163\/revisions\/2481"}],"wp:attachment":[{"href":"https:\/\/alte-farm.pl\/golf\/de\/wp-json\/wp\/v2\/media?parent=163"}],"curies":[{"name":"wp","href":"https:\/\/api.w.org\/{rel}","templated":true}]}}