{"id":165,"date":"2011-11-21T11:01:28","date_gmt":"2011-11-21T11:01:28","guid":{"rendered":"http:\/\/alte-farm.pl\/?page_id=165"},"modified":"2026-04-18T13:38:09","modified_gmt":"2026-04-18T13:38:09","slug":"oferta-dla-firm","status":"publish","type":"page","link":"https:\/\/alte-farm.pl\/golf\/de\/oferta-dla-firm\/","title":{"rendered":"Oferta dla firm"},"content":{"rendered":"<h4>Oferta dla firm Piknik Golfowy<\/h4>\r\n<h5>Program pobytu<\/h5>\r\n[itemlist]\r\n<ul>\r\n\t<li>powitanie uczestnik\u00f3w Pikniku<\/li>\r\n\t<li>pocz\u0119stunek kawa , herbata, napoje, ciasto<\/li>\r\n\t<li>prelekcja na temat zasad gry w golfa i etykiety golfowej<\/li>\r\n\t<li>element rozrywkowo integracyjny, w naszym gospodarstwie oferuje Pa\u0144stwu mo\u017cliwo\u015b\u0107 organizacji Zabawa w golfa, polegaj\u0105ca na kr\u00f3tkiej nauce gry w golfa, bazowych odbi\u0107\u00a0a nast\u0119pnie rywalizacji mi\u0119dzy graczami, najdalsze odbicie, najbli\u017csze po\u0142o\u017cenie pi\u0142ki\u00a0od do\u0142ka i inne. Uczestnicy podzieleni zostan\u0105 na grupy, ze wzgl\u0119d\u00f3w bezpiecze\u0144stwa\u00a0i mo\u017cliwo\u015bci organizacyjnych. Dla os\u00f3b graj\u0105cych w golfa runda 9 do\u0142kowa.\u00a0op\u0142ata greenfee<\/li>\r\n\t<li>dla os\u00f3b ma\u0142o aktywnych relaks i odpoczynek na \u0142onie natury i podziwianie walor\u00f3w nadmorskiej wsi.<\/li>\r\n\t<li>mo\u017cliwo\u015b\u0107 rywalizacji uczestnik\u00f3w w konkursach sportowych, przeci\u0105ganie liny, strza\u0142 pi\u0142ka no\u017cn\u0105 do ko\u0142a, i inne.<\/li>\r\n\t<li>dla os\u00f3b aktywnych mo\u017cliwo\u015b\u0107 gry w siatk\u00f3wk\u0119.<\/li>\r\n\t<li>biesiada integracyjna, konkurs muzyczny, zabawa, grill,<\/li>\r\n\t<li>mo\u017cliwo\u015b\u0107 skorzystania z lot\u00f3w motolotni\u0105 przy sprzyjaj\u0105cych warunkach atmosferycznych cena 100,00 z\u0142 1 osoba<\/li>\r\n<\/ul>\r\n<h3>[\/itemlist]\r\nCennik promocyjny GOLF w Alte Farm<\/h3>\r\nNauka gry w golfa, sprz\u0119t golfowy kije i pi\u0142ki w cenie nauki\r\nP\u0142atne wg. ilo\u015bci os\u00f3b korzystaj\u0105cych z nauki.\r\n\r\nGrupy 5 osobowe: 35,00 z\u0142 os\r\nGreenfee: 25,00 z\u0142 os dla os\u00f3b graj\u0105cych rund\u0119 9 do\u0142kow\u0105\r\nKoszyk pi\u0142ek: \u00a012,00 z\u0142 os dla os\u00f3b indywidualnych po nauce gry w golfa","protected":false},"excerpt":{"rendered":"<p>Oferta dla firm Piknik Golfowy Program pobytu [itemlist] powitanie uczestnik\u00f3w Pikniku pocz\u0119stunek kawa , herbata, napoje, ciasto prelekcja na temat zasad gry w golfa i etykiety golfowej element rozrywkowo integracyjny, w naszym gospodarstwie oferuje Pa\u0144stwu mo\u017cliwo\u015b\u0107 organizacji Zabawa w golfa, polegaj\u0105ca na kr\u00f3tkiej nauce gry w golfa, bazowych odbi\u0107\u00a0a nast\u0119pnie rywalizacji mi\u0119dzy graczami, najdalsze odbicie, [&hellip;]<\/p>\n","protected":false},"author":1,"featured_media":0,"parent":0,"menu_order":0,"comment_status":"closed","ping_status":"closed","template":"","meta":{"ngg_post_thumbnail":0,"footnotes":""},"class_list":["post-165","page","type-page","status-publish","hentry"],"_links":{"self":[{"href":"https:\/\/alte-farm.pl\/golf\/de\/wp-json\/wp\/v2\/pages\/165","targetHints":{"allow":["GET"]}}],"collection":[{"href":"https:\/\/alte-farm.pl\/golf\/de\/wp-json\/wp\/v2\/pages"}],"about":[{"href":"https:\/\/alte-farm.pl\/golf\/de\/wp-json\/wp\/v2\/types\/page"}],"author":[{"embeddable":true,"href":"https:\/\/alte-farm.pl\/golf\/de\/wp-json\/wp\/v2\/users\/1"}],"replies":[{"embeddable":true,"href":"https:\/\/alte-farm.pl\/golf\/de\/wp-json\/wp\/v2\/comments?post=165"}],"version-history":[{"count":12,"href":"https:\/\/alte-farm.pl\/golf\/de\/wp-json\/wp\/v2\/pages\/165\/revisions"}],"predecessor-version":[{"id":2478,"href":"https:\/\/alte-farm.pl\/golf\/de\/wp-json\/wp\/v2\/pages\/165\/revisions\/2478"}],"wp:attachment":[{"href":"https:\/\/alte-farm.pl\/golf\/de\/wp-json\/wp\/v2\/media?parent=165"}],"curies":[{"name":"wp","href":"https:\/\/api.w.org\/{rel}","templated":true}]}}