{"id":32,"date":"2011-11-15T20:08:03","date_gmt":"2011-11-15T20:08:03","guid":{"rendered":"http:\/\/alte-farm.pl\/?page_id=32"},"modified":"2026-04-18T13:32:32","modified_gmt":"2026-04-18T13:32:32","slug":"golf-driving-range","status":"publish","type":"page","link":"https:\/\/alte-farm.pl\/golf\/de\/golf-driving-range\/","title":{"rendered":"Golf Driving Range"},"content":{"rendered":"<p style=\"text-align: center;\">[warning]<a href=\"http:\/\/alte-farm.pl\/wp-content\/uploads\/2011\/11\/Turnieje_Golfowe_2015.pdf\"><strong>Turnierkalender 2014 (zum download<\/strong><\/a><a href=\"http:\/\/alte-farm.pl\/wp-content\/uploads\/2012\/04\/Terminarz_Turnieje_Golfowe_2012r.pdf\">)<\/a>[\/warning]<\/p>\r\n[success] <strong>Golf Driving Range:<\/strong>\r\n\r\nhier k\u00f6nnen Sie \u00a0Golfspielen,hier werden unter unserer Anleitung erlernen,\r\n\r\nhier k\u00f6nnen Sie Ihre Golfschl\u00e4ge verbessern.\r\n\r\n9-Loch-Platz:\r\n\r\nhier k\u00f6nnen Sie Golf spielen hier werden Turniere gespielt.[\/success]\r\n\r\n[success]<strong>Ausleihe gegen Geb\u00fchr:<\/strong>\r\n\r\nSchl\u00e4ger\r\n\r\nGolfbags und Caddies\r\n\r\nGolf-Scooter\r\n\r\nGolf-cart[\/success]\r\n<table border=\"0\" width=\"100%\" cellspacing=\"2\" cellpadding=\"2\">\r\n<tbody>\r\n<tr>\r\n<th scope=\"col\" align=\"left\" valign=\"middle\"><\/th>\r\n<th colspan=\"2\" scope=\"col\" align=\"center\" valign=\"middle\">Montag-Donnerstag<\/th>\r\n<th colspan=\"2\" scope=\"col\" align=\"center\" valign=\"middle\">Freitag &#8211; Sonntag<\/th>\r\n<\/tr>\r\n<tr>\r\n<th scope=\"row\" align=\"left\" valign=\"middle\"><\/th>\r\n<td align=\"center\" valign=\"middle\"><strong>9 Loch<\/strong><\/td>\r\n<td align=\"center\" valign=\"middle\"><strong>18 Loch<\/strong><\/td>\r\n<td align=\"center\" valign=\"middle\"><strong>9 Loch<\/strong><\/td>\r\n<td align=\"center\" valign=\"middle\"><strong>18 Loch<\/strong><\/td>\r\n<\/tr>\r\n<tr>\r\n<th scope=\"row\" align=\"right\" valign=\"middle\" bgcolor=\"#6DEBC3\">GreenFee<\/th>\r\n<td align=\"center\" valign=\"middle\">50 PLN<\/td>\r\n<td align=\"center\" valign=\"middle\">55 PLN<\/td>\r\n<td align=\"center\" valign=\"middle\">60 PLN<\/td>\r\n<td align=\"center\" valign=\"middle\">70 PLN<\/td>\r\n<\/tr>\r\n<tr>\r\n<th scope=\"row\" align=\"right\" valign=\"middle\" bgcolor=\"#6DEBC3\">Kinder bis 12 Jahre<\/th>\r\n<td align=\"center\" valign=\"middle\">20 PLN<\/td>\r\n<td align=\"center\" valign=\"middle\">30 PLN<\/td>\r\n<td align=\"center\" valign=\"middle\">30 PLN<\/td>\r\n<td align=\"center\" valign=\"middle\">40 PLN<\/td>\r\n<\/tr>\r\n<tr>\r\n<th scope=\"row\" align=\"right\" valign=\"middle\" bgcolor=\"#6DEBC3\">Golfb\u00e4lle (1 Korb = 40 St.)<\/th>\r\n<td align=\"center\" valign=\"middle\">15 PLN<\/td>\r\n<td align=\"center\" valign=\"middle\">15 PLN<\/td>\r\n<td align=\"center\" valign=\"middle\">15 PLN<\/td>\r\n<td align=\"center\" valign=\"middle\">15 PLN<\/td>\r\n<\/tr>\r\n<tr>\r\n<th scope=\"row\" align=\"right\" valign=\"middle\" bgcolor=\"#6DEBC3\">Abo mit 10 K\u00f6rben<\/th>\r\n<td align=\"center\" valign=\"middle\">120 PLN<\/td>\r\n<td align=\"center\" valign=\"middle\">120 PLN<\/td>\r\n<td align=\"center\" valign=\"middle\">120 PLN<\/td>\r\n<td align=\"center\" valign=\"middle\">120 PLN<\/td>\r\n<\/tr>\r\n<tr>\r\n<th scope=\"row\" align=\"right\" valign=\"middle\" bgcolor=\"#6DEBC3\">Golfschl\u00e4ger (3x + Putter)<\/th>\r\n<td align=\"center\" valign=\"middle\">30 PLN<\/td>\r\n<td align=\"center\" valign=\"middle\">30 PLN<\/td>\r\n<td align=\"center\" valign=\"middle\">30 PLN<\/td>\r\n<td align=\"center\" valign=\"middle\">30 PLN<\/td>\r\n<\/tr>\r\n<tr>\r\n<th scope=\"row\" align=\"right\" valign=\"middle\" bgcolor=\"#6DEBC3\">Golf-Bag<\/th>\r\n<td align=\"center\" valign=\"middle\">5 PLN<\/td>\r\n<td align=\"center\" valign=\"middle\">5 PLN<\/td>\r\n<td align=\"center\" valign=\"middle\">5 PLN<\/td>\r\n<td align=\"center\" valign=\"middle\">5 PLN<\/td>\r\n<\/tr>\r\n<tr>\r\n<th scope=\"row\" align=\"right\" valign=\"middle\" bgcolor=\"#6DEBC3\">Golf Trolley<\/th>\r\n<td align=\"center\" valign=\"middle\">10 PLN<\/td>\r\n<td align=\"center\" valign=\"middle\">10 PLN<\/td>\r\n<td align=\"center\" valign=\"middle\">10 PLN<\/td>\r\n<td align=\"center\" valign=\"middle\">10 PLN<\/td>\r\n<\/tr>\r\n<tr>\r\n<th scope=\"row\" align=\"right\" valign=\"middle\" bgcolor=\"#6DEBC3\">Golf-Scooter<\/th>\r\n<td align=\"center\" valign=\"middle\">30 PLN<\/td>\r\n<td align=\"center\" valign=\"middle\">30 PLN<\/td>\r\n<td align=\"center\" valign=\"middle\">30 PLN<\/td>\r\n<td align=\"center\" valign=\"middle\">30 PLN<\/td>\r\n<\/tr>\r\n<tr>\r\n<th scope=\"row\" align=\"right\" valign=\"middle\" bgcolor=\"#6DEBC3\">Golf-cart<\/th>\r\n<td align=\"center\" valign=\"middle\">50 PLN<\/td>\r\n<td align=\"center\" valign=\"middle\">50 PLN<\/td>\r\n<td align=\"center\" valign=\"middle\">50 PLN<\/td>\r\n<td align=\"center\" valign=\"middle\">50 PLN<\/td>\r\n<\/tr>\r\n<\/tbody>\r\n<\/table>\r\n&nbsp;\r\n<table border=\"1\" width=\"100%\" cellspacing=\"2\" cellpadding=\"2\">\r\n<tbody>\r\n<tr>\r\n<th scope=\"col\" align=\"center\" valign=\"middle\"><\/th>\r\n<th scope=\"col\" align=\"center\" valign=\"middle\">1 Person<\/th>\r\n<th scope=\"col\" align=\"center\" valign=\"middle\">2 Personen<\/th>\r\n<th scope=\"col\" align=\"center\" valign=\"middle\">3 &#8211; 4 Personen<\/th>\r\n<\/tr>\r\n<tr>\r\n<th scope=\"row\" align=\"right\" valign=\"middle\">Golfunterricht (je 45 min.)<\/th>\r\n<td align=\"center\" valign=\"middle\">70 PLN<\/td>\r\n<td align=\"center\" valign=\"middle\">60 PLN p.P.<\/td>\r\n<td align=\"center\" valign=\"middle\">50 PLN p.P.<\/td>\r\n<\/tr>\r\n<tr>\r\n<th scope=\"row\" align=\"right\" valign=\"middle\">Golfunterricht f\u00fcr Kinder bis 12 Jahre<\/th>\r\n<td align=\"center\" valign=\"middle\">40 PLN<\/td>\r\n<td align=\"center\" valign=\"middle\">30 PLN \/ p.P.<\/td>\r\n<td align=\"center\" valign=\"middle\">20 PLN \/ p.P.<\/td>\r\n<\/tr>\r\n<tr>\r\n<th scope=\"row\" align=\"right\" valign=\"middle\">Rangefee<\/th>\r\n<td align=\"center\" valign=\"middle\">25 PLN<\/td>\r\n<td align=\"center\" valign=\"middle\"><\/td>\r\n<td align=\"center\" valign=\"middle\"><\/td>\r\n<\/tr>\r\n<\/tbody>\r\n<\/table>\r\n&nbsp;\r\n<h3>\u00a0<a href=\"http:\/\/alte-farm.pl\/wp-content\/uploads\/2011\/11\/mapa112.png\"><img loading=\"lazy\" decoding=\"async\" class=\"alignnone size-full wp-image-727\" src=\"http:\/\/alte-farm.pl\/wp-content\/uploads\/2011\/11\/mapa112.png\" alt=\"mapa11\" width=\"857\" height=\"487\" srcset=\"https:\/\/alte-farm.pl\/golf\/wp-content\/uploads\/2011\/11\/mapa112.png 857w, https:\/\/alte-farm.pl\/golf\/wp-content\/uploads\/2011\/11\/mapa112-300x170.png 300w, https:\/\/alte-farm.pl\/golf\/wp-content\/uploads\/2011\/11\/mapa112-200x113.png 200w\" sizes=\"auto, (max-width: 857px) 100vw, 857px\" \/><\/a><\/h3>\r\n<div class=\"productbox\"><\/div>\r\n<div class=\"productbox-last\"><\/div>","protected":false},"excerpt":{"rendered":"<p>[warning]Turnierkalender 2014 (zum download)[\/warning] [success] Golf Driving Range: hier k\u00f6nnen Sie \u00a0Golfspielen,hier werden unter unserer Anleitung erlernen, hier k\u00f6nnen Sie Ihre Golfschl\u00e4ge verbessern. 9-Loch-Platz: hier k\u00f6nnen Sie Golf spielen hier werden Turniere gespielt.[\/success] [success]Ausleihe gegen Geb\u00fchr: Schl\u00e4ger Golfbags und Caddies Golf-Scooter Golf-cart[\/success] Montag-Donnerstag Freitag &#8211; Sonntag 9 Loch 18 Loch 9 Loch 18 Loch GreenFee [&hellip;]<\/p>\n","protected":false},"author":1,"featured_media":218,"parent":0,"menu_order":0,"comment_status":"closed","ping_status":"closed","template":"","meta":{"ngg_post_thumbnail":0,"footnotes":""},"class_list":["post-32","page","type-page","status-publish","has-post-thumbnail","hentry"],"_links":{"self":[{"href":"https:\/\/alte-farm.pl\/golf\/de\/wp-json\/wp\/v2\/pages\/32","targetHints":{"allow":["GET"]}}],"collection":[{"href":"https:\/\/alte-farm.pl\/golf\/de\/wp-json\/wp\/v2\/pages"}],"about":[{"href":"https:\/\/alte-farm.pl\/golf\/de\/wp-json\/wp\/v2\/types\/page"}],"author":[{"embeddable":true,"href":"https:\/\/alte-farm.pl\/golf\/de\/wp-json\/wp\/v2\/users\/1"}],"replies":[{"embeddable":true,"href":"https:\/\/alte-farm.pl\/golf\/de\/wp-json\/wp\/v2\/comments?post=32"}],"version-history":[{"count":90,"href":"https:\/\/alte-farm.pl\/golf\/de\/wp-json\/wp\/v2\/pages\/32\/revisions"}],"predecessor-version":[{"id":2475,"href":"https:\/\/alte-farm.pl\/golf\/de\/wp-json\/wp\/v2\/pages\/32\/revisions\/2475"}],"wp:featuredmedia":[{"embeddable":true,"href":"https:\/\/alte-farm.pl\/golf\/de\/wp-json\/wp\/v2\/media\/218"}],"wp:attachment":[{"href":"https:\/\/alte-farm.pl\/golf\/de\/wp-json\/wp\/v2\/media?parent=32"}],"curies":[{"name":"wp","href":"https:\/\/api.w.org\/{rel}","templated":true}]}}