{"id":38,"date":"2011-11-15T20:10:49","date_gmt":"2011-11-15T20:10:49","guid":{"rendered":"http:\/\/alte-farm.pl\/?page_id=38"},"modified":"2024-03-16T21:29:08","modified_gmt":"2024-03-16T21:29:08","slug":"kontakt","status":"publish","type":"page","link":"https:\/\/alte-farm.pl\/golf\/de\/kontakt\/","title":{"rendered":"Kontakt"},"content":{"rendered":"<p>[col_23]<iframe loading=\"lazy\" src=\"https:\/\/www.google.com\/maps\/embed?pb=!1m18!1m12!1m3!1d9340.676949894998!2d15.779180215569832!3d54.17707855309956!2m3!1f0!2f0!3f0!3m2!1i1024!2i768!4f13.1!3m3!1m2!1s0x47003998d4884da7%3A0x624d4f7d20f34a11!2sAlte+Farm.+Gospodarstwo+agroturystyczne+%26+Golfclub.+Britzen+A.!5e0!3m2!1spl!2spl!4v1464770956273\" width=\"600\" height=\"450\" frameborder=\"0\" style=\"border:0\" allowfullscreen><\/iframe><br \/>\n&nbsp;<\/p>\n<h4>Alte Farm Anna Britzen<\/h4>\n<h4>Rusowo 57<\/h4>\n<h4>78 &#8211; 111 Ustronie Morskie<\/h4>\n<h4>Bank Millennium 56116022020000000022834760<\/h4>\n<h4><strong>Telefon<\/strong>: +48 608 350 900<\/h4>\n<h4>+48 94 35 15 792<\/h4>\n<h4>00491713303635<\/h4>\n<p>e-mail: <a href=\"mailto:annabritzen@o2,pl\" target=\"_blank\" rel=\"noopener\">annabritzen@o2,pl<\/a><\/p>\n<p><strong>Wsp\u00f3\u0142rz\u0119dne GPS: \u00a0<\/strong>N 54 \u030a 10,616\u00a0EO 15\u00a0\u030a 47,268<\/p>\n<p>[\/col_23]<\/p>\n<p>[col_13_last]\n<div class=\"wpcf7 no-js\" id=\"wpcf7-f145-o2\" lang=\"\" dir=\"ltr\" data-wpcf7-id=\"145\">\n<div class=\"screen-reader-response\"><p role=\"status\" aria-live=\"polite\" aria-atomic=\"true\"><\/p> <ul><\/ul><\/div>\n<form action=\"\/golf\/de\/wp-json\/wp\/v2\/pages\/38#wpcf7-f145-o2\" method=\"post\" class=\"wpcf7-form init\" aria-label=\"Kontaktformular\" novalidate=\"novalidate\" data-status=\"init\">\n<fieldset class=\"hidden-fields-container\"><input type=\"hidden\" name=\"_wpcf7\" value=\"145\" \/><input type=\"hidden\" name=\"_wpcf7_version\" value=\"6.1.4\" \/><input type=\"hidden\" name=\"_wpcf7_locale\" value=\"\" \/><input type=\"hidden\" name=\"_wpcf7_unit_tag\" value=\"wpcf7-f145-o2\" \/><input type=\"hidden\" name=\"_wpcf7_container_post\" value=\"0\" \/><input type=\"hidden\" name=\"_wpcf7_posted_data_hash\" value=\"\" \/>\n<\/fieldset>\n<p>Twoje imi\u0119 i nazwisko (wymagane)\n<\/p>\n<p><span class=\"wpcf7-form-control-wrap\" data-name=\"your-name\"><input size=\"40\" maxlength=\"400\" class=\"wpcf7-form-control wpcf7-text wpcf7-validates-as-required\" aria-required=\"true\" aria-invalid=\"false\" value=\"\" type=\"text\" name=\"your-name\" \/><\/span>\n<\/p>\n<p>Tw\u00f3j e-mail (wymagane)\n<\/p>\n<p><span class=\"wpcf7-form-control-wrap\" data-name=\"your-email\"><input size=\"40\" maxlength=\"400\" class=\"wpcf7-form-control wpcf7-email wpcf7-validates-as-required wpcf7-text wpcf7-validates-as-email\" aria-required=\"true\" aria-invalid=\"false\" value=\"\" type=\"email\" name=\"your-email\" \/><\/span>\n<\/p>\n<p>Tw\u00f3j numer telefonu (wymagane)\n<\/p>\n<p><span class=\"wpcf7-form-control-wrap\" data-name=\"Numertelefonu\"><input size=\"40\" maxlength=\"400\" class=\"wpcf7-form-control wpcf7-text wpcf7-validates-as-required\" aria-required=\"true\" aria-invalid=\"false\" value=\"\" type=\"text\" name=\"Numertelefonu\" \/><\/span>\n<\/p>\n<p>Temat\n<\/p>\n<p><span class=\"wpcf7-form-control-wrap\" data-name=\"your-subject\"><input size=\"40\" maxlength=\"400\" class=\"wpcf7-form-control wpcf7-text\" aria-invalid=\"false\" value=\"\" type=\"text\" name=\"your-subject\" \/><\/span>\n<\/p>\n<p>Twoja wiadomo\u015b\u0107\n<\/p>\n<p><span class=\"wpcf7-form-control-wrap\" data-name=\"textarea-820\"><textarea cols=\"32\" rows=\"10\" maxlength=\"2000\" class=\"wpcf7-form-control wpcf7-textarea\" aria-invalid=\"false\" name=\"textarea-820\"><\/textarea><\/span>\n<\/p>\n<p><input class=\"wpcf7-form-control wpcf7-submit has-spinner\" type=\"submit\" value=\"Wy\u015blij\" \/>\n<\/p><div class=\"wpcf7-response-output\" aria-hidden=\"true\"><\/div>\n<\/form>\n<\/div>\n[\/col_13_last]<\/p>","protected":false},"excerpt":{"rendered":"<p>[col_23] &nbsp; Alte Farm Anna Britzen Rusowo 57 78 &#8211; 111 Ustronie Morskie Bank Millennium 56116022020000000022834760 Telefon: +48 608 350 900 +48 94 35 15 792 00491713303635 e-mail: annabritzen@o2,pl Wsp\u00f3\u0142rz\u0119dne GPS: \u00a0N 54 \u030a 10,616\u00a0EO 15\u00a0\u030a 47,268 [\/col_23] [col_13_last][\/col_13_last]<\/p>\n","protected":false},"author":1,"featured_media":235,"parent":0,"menu_order":0,"comment_status":"closed","ping_status":"closed","template":"","meta":{"ngg_post_thumbnail":0,"footnotes":""},"class_list":["post-38","page","type-page","status-publish","has-post-thumbnail","hentry"],"_links":{"self":[{"href":"https:\/\/alte-farm.pl\/golf\/de\/wp-json\/wp\/v2\/pages\/38","targetHints":{"allow":["GET"]}}],"collection":[{"href":"https:\/\/alte-farm.pl\/golf\/de\/wp-json\/wp\/v2\/pages"}],"about":[{"href":"https:\/\/alte-farm.pl\/golf\/de\/wp-json\/wp\/v2\/types\/page"}],"author":[{"embeddable":true,"href":"https:\/\/alte-farm.pl\/golf\/de\/wp-json\/wp\/v2\/users\/1"}],"replies":[{"embeddable":true,"href":"https:\/\/alte-farm.pl\/golf\/de\/wp-json\/wp\/v2\/comments?post=38"}],"version-history":[{"count":65,"href":"https:\/\/alte-farm.pl\/golf\/de\/wp-json\/wp\/v2\/pages\/38\/revisions"}],"predecessor-version":[{"id":2422,"href":"https:\/\/alte-farm.pl\/golf\/de\/wp-json\/wp\/v2\/pages\/38\/revisions\/2422"}],"wp:featuredmedia":[{"embeddable":true,"href":"https:\/\/alte-farm.pl\/golf\/de\/wp-json\/wp\/v2\/media\/235"}],"wp:attachment":[{"href":"https:\/\/alte-farm.pl\/golf\/de\/wp-json\/wp\/v2\/media?parent=38"}],"curies":[{"name":"wp","href":"https:\/\/api.w.org\/{rel}","templated":true}]}}