{"id":165,"date":"2011-11-21T11:01:28","date_gmt":"2011-11-21T11:01:28","guid":{"rendered":"http:\/\/alte-farm.pl\/?page_id=165"},"modified":"2026-04-18T13:38:09","modified_gmt":"2026-04-18T13:38:09","slug":"oferta-dla-firm","status":"publish","type":"page","link":"https:\/\/alte-farm.pl\/golf\/oferta-dla-firm\/","title":{"rendered":"Oferta dla firm"},"content":{"rendered":"<h4>Oferta dla firm Piknik Golfowy<\/h4>\n<h5>Program pobytu<\/h5>\n<ul>\n<li>powitanie uczestnik\u00f3w Pikniku;<\/li>\n<li>pocz\u0119stunek kawa, herbata, napoje, ciasto;<\/li>\n<li>prelekcja na temat zasad gry w golfa i etykiety golfowej;<\/li>\n<li>element rozrywkowo integracyjny, w naszym gospodarstwie oferuje Pa\u0144stwu mo\u017cliwo\u015b\u0107 organizacji Zabawa w golfa, polegaj\u0105ca na kr\u00f3tkiej nauce gry w golfa, bazowych odbi\u0107, a nast\u0119pnie rywalizacji mi\u0119dzy graczami, najdalsze odbicie, najbli\u017csze po\u0142o\u017cenie pi\u0142ki&nbsp;od do\u0142ka i inne. Uczestnicy podzieleni zostan\u0105 na grupy, ze wzgl\u0119d\u00f3w bezpiecze\u0144stwa&nbsp;i mo\u017cliwo\u015bci organizacyjnych. Dla os\u00f3b graj\u0105cych w golfa runda 9 do\u0142kowa, op\u0142ata greenfee;<\/li>\n<li>dla os\u00f3b ma\u0142o aktywnych relaks i odpoczynek na \u0142onie natury i podziwianie walor\u00f3w nadmorskiej wsi;<\/li>\n<li>mo\u017cliwo\u015b\u0107 rywalizacji uczestnik\u00f3w w konkursach sportowych, przeci\u0105ganie liny, strza\u0142 pi\u0142ka no\u017cn\u0105 do ko\u0142a i inne;<\/li>\n<li>dla os\u00f3b aktywnych mo\u017cliwo\u015b\u0107 gry w siatk\u00f3wk\u0119;<\/li>\n<li>biesiada integracyjna, konkurs muzyczny, zabawa, grill;<\/li>\n<li>mo\u017cliwo\u015b\u0107 skorzystania z lot\u00f3w motolotni\u0105 przy sprzyjaj\u0105cych warunkach atmosferycznych(dodatkowo p\u0142atne).<\/li>\n<\/ul>\n\n\n<p><\/p>","protected":false},"excerpt":{"rendered":"<p>Oferta dla firm Piknik Golfowy Program pobytu powitanie uczestnik\u00f3w Pikniku; pocz\u0119stunek kawa, herbata, napoje, ciasto; prelekcja na temat zasad gry w golfa i etykiety golfowej; element rozrywkowo integracyjny, w naszym gospodarstwie oferuje Pa\u0144stwu mo\u017cliwo\u015b\u0107 organizacji Zabawa w golfa, polegaj\u0105ca na kr\u00f3tkiej nauce gry w golfa, bazowych odbi\u0107, a nast\u0119pnie rywalizacji mi\u0119dzy graczami, najdalsze odbicie, najbli\u017csze [&hellip;]<\/p>\n","protected":false},"author":1,"featured_media":0,"parent":0,"menu_order":0,"comment_status":"closed","ping_status":"closed","template":"","meta":{"ngg_post_thumbnail":0,"footnotes":""},"class_list":["post-165","page","type-page","status-publish","hentry"],"_links":{"self":[{"href":"https:\/\/alte-farm.pl\/golf\/wp-json\/wp\/v2\/pages\/165","targetHints":{"allow":["GET"]}}],"collection":[{"href":"https:\/\/alte-farm.pl\/golf\/wp-json\/wp\/v2\/pages"}],"about":[{"href":"https:\/\/alte-farm.pl\/golf\/wp-json\/wp\/v2\/types\/page"}],"author":[{"embeddable":true,"href":"https:\/\/alte-farm.pl\/golf\/wp-json\/wp\/v2\/users\/1"}],"replies":[{"embeddable":true,"href":"https:\/\/alte-farm.pl\/golf\/wp-json\/wp\/v2\/comments?post=165"}],"version-history":[{"count":12,"href":"https:\/\/alte-farm.pl\/golf\/wp-json\/wp\/v2\/pages\/165\/revisions"}],"predecessor-version":[{"id":2478,"href":"https:\/\/alte-farm.pl\/golf\/wp-json\/wp\/v2\/pages\/165\/revisions\/2478"}],"wp:attachment":[{"href":"https:\/\/alte-farm.pl\/golf\/wp-json\/wp\/v2\/media?parent=165"}],"curies":[{"name":"wp","href":"https:\/\/api.w.org\/{rel}","templated":true}]}}