{"id":2467,"date":"2026-04-18T13:18:01","date_gmt":"2026-04-18T13:18:01","guid":{"rendered":"https:\/\/alte-farm.pl\/golf\/?page_id=2467"},"modified":"2026-04-18T13:18:02","modified_gmt":"2026-04-18T13:18:02","slug":"o-nas","status":"publish","type":"page","link":"https:\/\/alte-farm.pl\/golf\/","title":{"rendered":"O nas"},"content":{"rendered":"<p>GOLF DRIVING RANGE i 9 do\u0142k\u00f3w \u2013 to miejsce przeznaczone do nauki gry w golfa oraz treningu zaawansowanych graczy. W golfa gra\u0107 mo\u017ce ka\u017cdy, niezale\u017cnie od wieku, p\u0142ci czy tez kondycji ruchowej.<\/p>\n\n\n\n<p>Aby rozpocz\u0105\u0107 nauk\u0119 nie trzeba by\u0107 cz\u0142onkiem klubu, nie musimy tez kupowa\u0107 sprz\u0119tu golfowego (wypo\u017cyczalnia u nas na miejscu). Idealne miejsce do organizowania spotka\u0144 firmowych oraz integracyjnych, kt\u00f3rym towarzyszy nauka gry w golfa.<\/p>\n\n\n\n<p>Gra w golfa polega na przej\u015bciu pola o d\u0142ugo\u015bci od 2500m do 7000m, cho\u0107 bywaj\u0105 tak\u017ce pola mniejsze. Zawodnik stara si\u0119 przy pomocy uderze\u0144 kijem umie\u015bci\u0107 pi\u0142k\u0119 w kolejnych do\u0142kach. Pe\u0142nowymiarowe pole liczy 18 do\u0142k\u00f3w. Nasze pole jest mniejsze, 9 do\u0142kowe a tak\u017ce treningowe.<\/p>","protected":false},"excerpt":{"rendered":"<p>GOLF DRIVING RANGE i 9 do\u0142k\u00f3w \u2013 to miejsce przeznaczone do nauki gry w golfa oraz treningu zaawansowanych graczy. W golfa gra\u0107 mo\u017ce ka\u017cdy, niezale\u017cnie od wieku, p\u0142ci czy tez kondycji ruchowej. Aby rozpocz\u0105\u0107 nauk\u0119 nie trzeba by\u0107 cz\u0142onkiem klubu, nie musimy tez kupowa\u0107 sprz\u0119tu golfowego (wypo\u017cyczalnia u nas na miejscu). Idealne miejsce do organizowania [&hellip;]<\/p>\n","protected":false},"author":3,"featured_media":0,"parent":0,"menu_order":0,"comment_status":"closed","ping_status":"closed","template":"","meta":{"ngg_post_thumbnail":0,"footnotes":""},"class_list":["post-2467","page","type-page","status-publish","hentry"],"_links":{"self":[{"href":"https:\/\/alte-farm.pl\/golf\/wp-json\/wp\/v2\/pages\/2467","targetHints":{"allow":["GET"]}}],"collection":[{"href":"https:\/\/alte-farm.pl\/golf\/wp-json\/wp\/v2\/pages"}],"about":[{"href":"https:\/\/alte-farm.pl\/golf\/wp-json\/wp\/v2\/types\/page"}],"author":[{"embeddable":true,"href":"https:\/\/alte-farm.pl\/golf\/wp-json\/wp\/v2\/users\/3"}],"replies":[{"embeddable":true,"href":"https:\/\/alte-farm.pl\/golf\/wp-json\/wp\/v2\/comments?post=2467"}],"version-history":[{"count":1,"href":"https:\/\/alte-farm.pl\/golf\/wp-json\/wp\/v2\/pages\/2467\/revisions"}],"predecessor-version":[{"id":2468,"href":"https:\/\/alte-farm.pl\/golf\/wp-json\/wp\/v2\/pages\/2467\/revisions\/2468"}],"wp:attachment":[{"href":"https:\/\/alte-farm.pl\/golf\/wp-json\/wp\/v2\/media?parent=2467"}],"curies":[{"name":"wp","href":"https:\/\/api.w.org\/{rel}","templated":true}]}}