{"id":32,"date":"2011-11-15T20:08:03","date_gmt":"2011-11-15T20:08:03","guid":{"rendered":"http:\/\/alte-farm.pl\/?page_id=32"},"modified":"2026-04-18T13:32:32","modified_gmt":"2026-04-18T13:32:32","slug":"golf-driving-range","status":"publish","type":"page","link":"https:\/\/alte-farm.pl\/golf\/golf-driving-range\/","title":{"rendered":"Cennik 2026"},"content":{"rendered":"<p>&nbsp;<\/p>\n<h2 style=\"text-align: center;\"><strong><span style=\"color: #2d911c;\">Cennik ALTE FARM GOLF 2026<\/span><\/strong><\/h2>\n<table border=\"0\" width=\"100%\" cellspacing=\"2\" cellpadding=\"2\">\n<tbody>\n<tr>\n<th scope=\"col\" align=\"left\" valign=\"middle\">&nbsp;<\/th>\n<th style=\"text-align: center;\" colspan=\"2\" scope=\"col\" align=\"center\" valign=\"middle\">poniedzia\u0142ek- czwartek<\/th>\n<th style=\"text-align: center;\" colspan=\"2\" scope=\"col\" align=\"center\" valign=\"middle\">pi\u0105tek &#8211; niedziela<\/th>\n<\/tr>\n<tr>\n<th scope=\"row\" align=\"left\" valign=\"middle\">&nbsp;<\/th>\n<td align=\"center\" valign=\"middle\"><strong>9 do\u0142k\u00f3w<\/strong><\/td>\n<td align=\"center\" valign=\"middle\"><strong>18 do\u0142k\u00f3w<\/strong><\/td>\n<td align=\"center\" valign=\"middle\"><strong>9 do\u0142k\u00f3w<\/strong><\/td>\n<td align=\"center\" valign=\"middle\"><strong>18 do\u0142k\u00f3w<\/strong><\/td>\n<\/tr>\n<tr>\n<th scope=\"row\" align=\"right\" valign=\"middle\" bgcolor=\"#6DEBC3\">Greenfee<\/th>\n<td align=\"center\" valign=\"middle\">130 z\u0142<\/td>\n<td align=\"center\" valign=\"middle\">170 z\u0142<\/td>\n<td align=\"center\" valign=\"middle\">135 z\u0142<\/td>\n<td align=\"center\" valign=\"middle\">190 z\u0142<\/td>\n<\/tr>\n<tr>\n<th scope=\"row\" align=\"right\" valign=\"middle\" bgcolor=\"#6DEBC3\">Dzieci do lat 16<\/th>\n<td align=\"center\" valign=\"middle\">70 z\u0142<\/td>\n<td align=\"center\" valign=\"middle\">70 z\u0142<\/td>\n<td align=\"center\" valign=\"middle\">70 z\u0142<\/td>\n<td align=\"center\" valign=\"middle\">70 z\u0142<\/td>\n<\/tr>\n<tr>\n<th scope=\"row\" align=\"right\" valign=\"middle\" bgcolor=\"#6DEBC3\">Pi\u0142ki Golfowe (40szt)<\/th>\n<td align=\"center\" valign=\"middle\">25 z\u0142<\/td>\n<td align=\"center\" valign=\"middle\">25 z\u0142<\/td>\n<td align=\"center\" valign=\"middle\">25 z\u0142<\/td>\n<td align=\"center\" valign=\"middle\">25 z\u0142<\/td>\n<\/tr>\n<tr>\n<th scope=\"row\" align=\"right\" valign=\"middle\" bgcolor=\"#6DEBC3\">Pakiet 10 koszyk\u00f3w<\/th>\n<td align=\"center\" valign=\"middle\">200 z\u0142<\/td>\n<td align=\"center\" valign=\"middle\">200 z\u0142<\/td>\n<td align=\"center\" valign=\"middle\">200 z\u0142<\/td>\n<td align=\"center\" valign=\"middle\">200 z\u0142<\/td>\n<\/tr>\n<tr>\n<th scope=\"row\" align=\"right\" valign=\"middle\" bgcolor=\"#6DEBC3\">Kije Golfowe (5szt. + Putter)<\/th>\n<td align=\"center\" valign=\"middle\">40 z\u0142<\/td>\n<td align=\"center\" valign=\"middle\">40 z\u0142<\/td>\n<td align=\"center\" valign=\"middle\">40 z\u0142<\/td>\n<td align=\"center\" valign=\"middle\">40 z\u0142<\/td>\n<\/tr>\n<tr>\n<th scope=\"row\" align=\"right\" valign=\"middle\" bgcolor=\"#6DEBC3\">Torba Golfowa<\/th>\n<td align=\"center\" valign=\"middle\">10 z\u0142<\/td>\n<td align=\"center\" valign=\"middle\">10 z\u0142<\/td>\n<td align=\"center\" valign=\"middle\">10 z\u0142<\/td>\n<td align=\"center\" valign=\"middle\">10 z\u0142<\/td>\n<\/tr>\n<tr>\n<th scope=\"row\" align=\"right\" valign=\"middle\" bgcolor=\"#6DEBC3\">W\u00f3zek Golfowy<\/th>\n<td align=\"center\" valign=\"middle\">10 z\u0142<\/td>\n<td align=\"center\" valign=\"middle\">10 z\u0142<\/td>\n<td align=\"center\" valign=\"middle\">10 z\u0142<\/td>\n<td align=\"center\" valign=\"middle\">10 z\u0142<\/td>\n<\/tr>\n<\/tbody>\n<\/table>\n<p>&nbsp;<\/p>\n<table border=\"1\" width=\"100%\" cellspacing=\"2\" cellpadding=\"2\">\n<tbody>\n<tr>\n<th scope=\"col\" align=\"center\" valign=\"middle\">&nbsp;<\/th>\n<th style=\"text-align: center;\" scope=\"col\" align=\"center\" valign=\"middle\">1 osoba<\/th>\n<th style=\"text-align: center;\" scope=\"col\" align=\"center\" valign=\"middle\">2 osoby<\/th>\n<th style=\"text-align: center;\" scope=\"col\" align=\"center\" valign=\"middle\">3 &#8211; 4 osoby<\/th>\n<\/tr>\n<tr>\n<th scope=\"row\" align=\"right\" valign=\"middle\">Nauka gry w golfa (50 minut)<\/th>\n<td align=\"center\" valign=\"middle\">150 z\u0142<\/td>\n<td align=\"center\" valign=\"middle\">200 z\u0142<\/td>\n<td align=\"center\" valign=\"middle\">80 z\u0142\/osob\u0119<\/td>\n<\/tr>\n<tr>\n<th scope=\"row\" align=\"right\" valign=\"middle\">Dzieci i juniorzy do lat 16<\/th>\n<td align=\"center\" valign=\"middle\">100 z\u0142<\/td>\n<td align=\"center\" valign=\"middle\">60 z\u0142\/osob\u0119<\/td>\n<td align=\"center\" valign=\"middle\">70 z\u0142\/osob\u0119<\/td>\n<\/tr>\n<tr>\n<th scope=\"row\" align=\"right\" valign=\"middle\">Rangefee<\/th>\n<td align=\"center\" valign=\"middle\">20 z\u0142<\/td>\n<td align=\"center\" valign=\"middle\">&nbsp;<\/td>\n<td align=\"center\" valign=\"middle\">&nbsp;<\/td>\n<\/tr>\n<\/tbody>\n<\/table>\n<p><strong>Kij do golfa 5 z\u0142<\/strong><\/p>\n<p><strong>Fotogolf 9 do\u0142k\u00f3w junior 30 z\u0142 + 10 z\u0142 pi\u0142ka<\/strong><\/p>\n<p><strong>Fotogolf 9 do\u0142k\u00f3w 50 z\u0142 + 10 z\u0142 pi\u0142ka<\/strong><\/p>\n<h4>Melex 100,00 z\u0142 9 do\u0142k\u00f3w<\/h4>\n<h4>Melex 150,00 z\u0142 18 do\u0142k\u00f3w<\/h4>\n\n\n<p><\/p>","protected":false},"excerpt":{"rendered":"<p>&nbsp; Cennik ALTE FARM GOLF 2026 &nbsp; poniedzia\u0142ek- czwartek pi\u0105tek &#8211; niedziela &nbsp; 9 do\u0142k\u00f3w 18 do\u0142k\u00f3w 9 do\u0142k\u00f3w 18 do\u0142k\u00f3w Greenfee 130 z\u0142 170 z\u0142 135 z\u0142 190 z\u0142 Dzieci do lat 16 70 z\u0142 70 z\u0142 70 z\u0142 70 z\u0142 Pi\u0142ki Golfowe (40szt) 25 z\u0142 25 z\u0142 25 z\u0142 25 z\u0142 Pakiet 10 [&hellip;]<\/p>\n","protected":false},"author":1,"featured_media":218,"parent":0,"menu_order":0,"comment_status":"closed","ping_status":"closed","template":"","meta":{"ngg_post_thumbnail":0,"footnotes":""},"class_list":["post-32","page","type-page","status-publish","has-post-thumbnail","hentry"],"_links":{"self":[{"href":"https:\/\/alte-farm.pl\/golf\/wp-json\/wp\/v2\/pages\/32","targetHints":{"allow":["GET"]}}],"collection":[{"href":"https:\/\/alte-farm.pl\/golf\/wp-json\/wp\/v2\/pages"}],"about":[{"href":"https:\/\/alte-farm.pl\/golf\/wp-json\/wp\/v2\/types\/page"}],"author":[{"embeddable":true,"href":"https:\/\/alte-farm.pl\/golf\/wp-json\/wp\/v2\/users\/1"}],"replies":[{"embeddable":true,"href":"https:\/\/alte-farm.pl\/golf\/wp-json\/wp\/v2\/comments?post=32"}],"version-history":[{"count":90,"href":"https:\/\/alte-farm.pl\/golf\/wp-json\/wp\/v2\/pages\/32\/revisions"}],"predecessor-version":[{"id":2475,"href":"https:\/\/alte-farm.pl\/golf\/wp-json\/wp\/v2\/pages\/32\/revisions\/2475"}],"wp:featuredmedia":[{"embeddable":true,"href":"https:\/\/alte-farm.pl\/golf\/wp-json\/wp\/v2\/media\/218"}],"wp:attachment":[{"href":"https:\/\/alte-farm.pl\/golf\/wp-json\/wp\/v2\/media?parent=32"}],"curies":[{"name":"wp","href":"https:\/\/api.w.org\/{rel}","templated":true}]}}