{"id":334,"date":"2012-03-11T12:26:30","date_gmt":"2012-03-11T12:26:30","guid":{"rendered":"http:\/\/alte-farm.pl\/?page_id=334"},"modified":"2025-12-18T22:36:50","modified_gmt":"2025-12-18T22:36:50","slug":"golf-driving-range-2","status":"publish","type":"page","link":"https:\/\/alte-farm.pl\/golf\/golf-driving-range-2\/","title":{"rendered":"Golf Driving Range"},"content":{"rendered":"<p><\/p>\n\n\n\n<div class=\"wp-block-query is-layout-flow wp-block-query-is-layout-flow\"><ul class=\"wp-block-post-template is-layout-flow wp-block-post-template-is-layout-flow\"><li class=\"wp-block-post post-2362 post type-post status-publish format-standard has-post-thumbnail hentry category-golf-driving-range\">\n<h2 class=\"wp-block-post-title\"><a href=\"https:\/\/alte-farm.pl\/golf\/2362-2\/\" target=\"_self\" >Turniej Golfowy o Puchar Prezydenta miasta Ko\u0142obrzeg<\/a><\/h2>\n\n<figure class=\"alignwide wp-block-post-featured-image\"><a href=\"https:\/\/alte-farm.pl\/golf\/2362-2\/\" target=\"_self\"  ><img loading=\"lazy\" decoding=\"async\" width=\"200\" height=\"90\" src=\"https:\/\/alte-farm.pl\/golf\/wp-content\/uploads\/2021\/06\/203133534_4387466044644942_3645042375682050509_n-200x90.jpg\" class=\"attachment-post-thumbnail size-post-thumbnail wp-post-image\" alt=\"Turniej Golfowy o Puchar Prezydenta miasta Ko\u0142obrzeg\" style=\"object-fit:cover;\" srcset=\"https:\/\/alte-farm.pl\/golf\/wp-content\/uploads\/2021\/06\/203133534_4387466044644942_3645042375682050509_n-200x90.jpg 200w, https:\/\/alte-farm.pl\/golf\/wp-content\/uploads\/2021\/06\/203133534_4387466044644942_3645042375682050509_n-300x135.jpg 300w, https:\/\/alte-farm.pl\/golf\/wp-content\/uploads\/2021\/06\/203133534_4387466044644942_3645042375682050509_n-768x346.jpg 768w, https:\/\/alte-farm.pl\/golf\/wp-content\/uploads\/2021\/06\/203133534_4387466044644942_3645042375682050509_n-1024x462.jpg 1024w, https:\/\/alte-farm.pl\/golf\/wp-content\/uploads\/2021\/06\/203133534_4387466044644942_3645042375682050509_n.jpg 1420w\" sizes=\"auto, (max-width: 200px) 100vw, 200px\" \/><\/a><\/figure>\n\n<div class=\"wp-block-post-excerpt\"><p class=\"wp-block-post-excerpt__excerpt\">W dniu 20.06.2021 zosta\u0142 rozegrany Turniej Golfowy o Puchar Prezydenta miasta Ko\u0142obrzeg.&nbsp;Wszyscy zawodnicy dzielnie walczyli z upaln\u0105 pogod\u0105. Po wyr\u00f3wnanej walce i du\u017cych emocjach (niczym wczorajszy mecz Polska-Hiszpania)&nbsp;w \u0142\u0105cznej klasyfikacji Stroke Play Brutto wygra\u0142: SYLWESTER GROMEK W kategorii kobiet wygra\u0142a: BEATA WAWRZYNIAK W kategorii senior\u00f3w wygra\u0142: MIECZYS\u0141AW KUCHCIAK W kategorii junior\u00f3w wygra\u0142: ANTEK KALISZCZAK &nbsp;&hellip; <\/p><\/div>\n\n\n<hr class=\"wp-block-separator has-css-opacity\"\/>\n\n\n<div class=\"wp-block-post-date\"><time datetime=\"%2\"><\/time><\/div>\n<\/li><li class=\"wp-block-post post-2414 post type-post status-publish format-standard has-post-thumbnail hentry category-golf-driving-range\">\n<h2 class=\"wp-block-post-title\"><a href=\"https:\/\/alte-farm.pl\/golf\/podziekowanie\/\" target=\"_self\" >Podzi\u0119kowanie<\/a><\/h2>\n\n<figure class=\"alignwide wp-block-post-featured-image\"><a href=\"https:\/\/alte-farm.pl\/golf\/podziekowanie\/\" target=\"_self\"  ><img loading=\"lazy\" decoding=\"async\" width=\"200\" height=\"90\" src=\"https:\/\/alte-farm.pl\/golf\/wp-content\/uploads\/2021\/06\/201672349_4387466284644918_675038937298240022_n-200x90.jpg\" class=\"attachment-post-thumbnail size-post-thumbnail wp-post-image\" alt=\"Podzi\u0119kowanie\" style=\"object-fit:cover;\" srcset=\"https:\/\/alte-farm.pl\/golf\/wp-content\/uploads\/2021\/06\/201672349_4387466284644918_675038937298240022_n-200x90.jpg 200w, https:\/\/alte-farm.pl\/golf\/wp-content\/uploads\/2021\/06\/201672349_4387466284644918_675038937298240022_n-300x135.jpg 300w, https:\/\/alte-farm.pl\/golf\/wp-content\/uploads\/2021\/06\/201672349_4387466284644918_675038937298240022_n-768x346.jpg 768w, https:\/\/alte-farm.pl\/golf\/wp-content\/uploads\/2021\/06\/201672349_4387466284644918_675038937298240022_n.jpg 1008w\" sizes=\"auto, (max-width: 200px) 100vw, 200px\" \/><\/a><\/figure>\n\n<div class=\"wp-block-post-excerpt\"><p class=\"wp-block-post-excerpt__excerpt\">Dzi\u0119kujemy Pani Prezydent Ko\u0142obrzegu, Annie Mieczkowskiej za obj\u0119cie patronatem turnieju golfowego i ufundowanie pi\u0119knych statuetek i nagr\u00f3d &#8211;&nbsp;&nbsp;Turnieju Golfowego o Puchar Prezydenta miasta Ko\u0142obrzeg 2021&nbsp;&nbsp; <\/p><\/div>\n\n\n<hr class=\"wp-block-separator has-css-opacity\"\/>\n\n\n<div class=\"wp-block-post-date\"><time datetime=\"%2\"><\/time><\/div>\n<\/li><li class=\"wp-block-post post-2298 post type-post status-publish format-standard has-post-thumbnail hentry category-golf-driving-range\">\n<h2 class=\"wp-block-post-title\"><a href=\"https:\/\/alte-farm.pl\/golf\/alte-farm-z-i-miejscem-w-kamieniu-pomorskim\/\" target=\"_self\" >Alte Farm z I miejscem w Kamieniu Pomorskim<\/a><\/h2>\n\n<figure class=\"alignwide wp-block-post-featured-image\"><a href=\"https:\/\/alte-farm.pl\/golf\/alte-farm-z-i-miejscem-w-kamieniu-pomorskim\/\" target=\"_self\"  ><img loading=\"lazy\" decoding=\"async\" width=\"200\" height=\"150\" src=\"https:\/\/alte-farm.pl\/golf\/wp-content\/uploads\/2018\/07\/37092411_1956322787751538_3000159377811308544_o-200x150.jpg\" class=\"attachment-post-thumbnail size-post-thumbnail wp-post-image\" alt=\"Alte Farm z I miejscem w Kamieniu Pomorskim\" style=\"object-fit:cover;\" srcset=\"https:\/\/alte-farm.pl\/golf\/wp-content\/uploads\/2018\/07\/37092411_1956322787751538_3000159377811308544_o-200x150.jpg 200w, https:\/\/alte-farm.pl\/golf\/wp-content\/uploads\/2018\/07\/37092411_1956322787751538_3000159377811308544_o-300x225.jpg 300w, https:\/\/alte-farm.pl\/golf\/wp-content\/uploads\/2018\/07\/37092411_1956322787751538_3000159377811308544_o-768x576.jpg 768w, https:\/\/alte-farm.pl\/golf\/wp-content\/uploads\/2018\/07\/37092411_1956322787751538_3000159377811308544_o-1024x768.jpg 1024w, https:\/\/alte-farm.pl\/golf\/wp-content\/uploads\/2018\/07\/37092411_1956322787751538_3000159377811308544_o.jpg 1944w\" sizes=\"auto, (max-width: 200px) 100vw, 200px\" \/><\/a><\/figure>\n\n<div class=\"wp-block-post-excerpt\"><p class=\"wp-block-post-excerpt__excerpt\">Turniej Kobiet Lejdis Cap w Kamieniu Pomorskim I miejsce z wynikiem 102 brutto Stroke Play Netto &#8211; 27,1-36 <\/p><\/div>\n\n\n<hr class=\"wp-block-separator has-css-opacity\"\/>\n\n\n<div class=\"wp-block-post-date\"><time datetime=\"%2\"><\/time><\/div>\n<\/li><li class=\"wp-block-post post-1681 post type-post status-publish format-standard has-post-thumbnail hentry category-golf-driving-range\">\n<h2 class=\"wp-block-post-title\"><a href=\"https:\/\/alte-farm.pl\/golf\/turniej-o-puchar-starosty-kolobrzegu-2018\/\" target=\"_self\" >Turniej o Puchar Starosty Ko\u0142obrzegu 2018<\/a><\/h2>\n\n<figure class=\"alignwide wp-block-post-featured-image\"><a href=\"https:\/\/alte-farm.pl\/golf\/turniej-o-puchar-starosty-kolobrzegu-2018\/\" target=\"_self\"  ><img loading=\"lazy\" decoding=\"async\" width=\"200\" height=\"133\" src=\"https:\/\/alte-farm.pl\/golf\/wp-content\/uploads\/2015\/07\/l-200x133.jpg\" class=\"attachment-post-thumbnail size-post-thumbnail wp-post-image\" alt=\"Turniej o Puchar Starosty Ko\u0142obrzegu 2018\" style=\"object-fit:cover;\" srcset=\"https:\/\/alte-farm.pl\/golf\/wp-content\/uploads\/2015\/07\/l-200x133.jpg 200w, https:\/\/alte-farm.pl\/golf\/wp-content\/uploads\/2015\/07\/l-300x200.jpg 300w, https:\/\/alte-farm.pl\/golf\/wp-content\/uploads\/2015\/07\/l.jpg 592w\" sizes=\"auto, (max-width: 200px) 100vw, 200px\" \/><\/a><\/figure>\n\n<div class=\"wp-block-post-excerpt\"><p class=\"wp-block-post-excerpt__excerpt\">Zapraszamy na Turniej o Puchar Starosty Ko\u0142obrzegu 2018 ju\u017c w najbli\u017csz\u0105 niedziel\u0119 22.07.2018 o godzinie 11.00 do Alte Farm w Rusowie. Gwarantujemy sympatyczn\u0105 atmosfer\u0119 i zdrow\u0105, sportow\u0105 rywalizacj\u0119. <\/p><\/div>\n\n\n<hr class=\"wp-block-separator has-css-opacity\"\/>\n\n\n<div class=\"wp-block-post-date\"><time datetime=\"%2\"><\/time><\/div>\n<\/li><li class=\"wp-block-post post-1679 post type-post status-publish format-standard has-post-thumbnail hentry category-golf-driving-range\">\n<h2 class=\"wp-block-post-title\"><a href=\"https:\/\/alte-farm.pl\/golf\/turniej-golfowy-filipa-kopryk-pracownia-implantologii\/\" target=\"_self\" >Turniej Golfowy Filipa Kopryk Pracownia Implantologii<\/a><\/h2>\n\n<figure class=\"alignwide wp-block-post-featured-image\"><a href=\"https:\/\/alte-farm.pl\/golf\/turniej-golfowy-filipa-kopryk-pracownia-implantologii\/\" target=\"_self\"  ><img loading=\"lazy\" decoding=\"async\" width=\"200\" height=\"200\" src=\"https:\/\/alte-farm.pl\/golf\/wp-content\/uploads\/2018\/07\/Turniej-Filipa-Kopryk-185-200x200.jpg\" class=\"attachment-post-thumbnail size-post-thumbnail wp-post-image\" alt=\"Turniej Golfowy Filipa Kopryk Pracownia Implantologii\" style=\"object-fit:cover;\" srcset=\"https:\/\/alte-farm.pl\/golf\/wp-content\/uploads\/2018\/07\/Turniej-Filipa-Kopryk-185-200x200.jpg 200w, https:\/\/alte-farm.pl\/golf\/wp-content\/uploads\/2018\/07\/Turniej-Filipa-Kopryk-185-150x150.jpg 150w, https:\/\/alte-farm.pl\/golf\/wp-content\/uploads\/2018\/07\/Turniej-Filipa-Kopryk-185-300x300.jpg 300w, https:\/\/alte-farm.pl\/golf\/wp-content\/uploads\/2018\/07\/Turniej-Filipa-Kopryk-185-768x768.jpg 768w, https:\/\/alte-farm.pl\/golf\/wp-content\/uploads\/2018\/07\/Turniej-Filipa-Kopryk-185-1024x1024.jpg 1024w, https:\/\/alte-farm.pl\/golf\/wp-content\/uploads\/2018\/07\/Turniej-Filipa-Kopryk-185-800x800.jpg 800w, https:\/\/alte-farm.pl\/golf\/wp-content\/uploads\/2018\/07\/Turniej-Filipa-Kopryk-185.jpg 1544w\" sizes=\"auto, (max-width: 200px) 100vw, 200px\" \/><\/a><\/figure>\n\n<div class=\"wp-block-post-excerpt\"><p class=\"wp-block-post-excerpt__excerpt\">W niedziel\u0119 15 lipca 2018 roku na Alte Farm w Rusowie odby\u0142 si\u0119 Turniej Golfowy Filipa Kopryk Pracownia Implantologii. Dzi\u0119kujemy za wspania\u0142e nagrody ufundowane przez Filipa Kopryka na Turniej Golfowy, kt\u00f3ry by\u0142 nie lada wydarzeniem. Wszyscy uczestnicy zachwyceni nie tylko ca\u0142ym Turniejem, ale tak\u017ce dodatkowymi atrakcjami &#8211; wyst\u0119pem Teatru Ta\u0144ca Kwieciste Gwiazdy oraz Pogoda Wspania\u0142a,&hellip; <\/p><\/div>\n\n\n<hr class=\"wp-block-separator has-css-opacity\"\/>\n\n\n<div class=\"wp-block-post-date\"><time datetime=\"%2\"><\/time><\/div>\n<\/li><li class=\"wp-block-post post-1658 post type-post status-publish format-standard has-post-thumbnail hentry category-golf-driving-range\">\n<h2 class=\"wp-block-post-title\"><a href=\"https:\/\/alte-farm.pl\/golf\/turniej-o-puchar-prezydenta-miasta-kolobrzeg-2018\/\" target=\"_self\" >Turniej o Puchar Prezydenta Miasta Ko\u0142obrzeg 2018<\/a><\/h2>\n\n<figure class=\"alignwide wp-block-post-featured-image\"><a href=\"https:\/\/alte-farm.pl\/golf\/turniej-o-puchar-prezydenta-miasta-kolobrzeg-2018\/\" target=\"_self\"  ><img loading=\"lazy\" decoding=\"async\" width=\"200\" height=\"150\" src=\"https:\/\/alte-farm.pl\/golf\/wp-content\/uploads\/2018\/05\/tlo-200x150.jpg\" class=\"attachment-post-thumbnail size-post-thumbnail wp-post-image\" alt=\"Turniej o Puchar Prezydenta Miasta Ko\u0142obrzeg 2018\" style=\"object-fit:cover;\" srcset=\"https:\/\/alte-farm.pl\/golf\/wp-content\/uploads\/2018\/05\/tlo-200x150.jpg 200w, https:\/\/alte-farm.pl\/golf\/wp-content\/uploads\/2018\/05\/tlo-300x225.jpg 300w, https:\/\/alte-farm.pl\/golf\/wp-content\/uploads\/2018\/05\/tlo-768x576.jpg 768w, https:\/\/alte-farm.pl\/golf\/wp-content\/uploads\/2018\/05\/tlo-1024x768.jpg 1024w, https:\/\/alte-farm.pl\/golf\/wp-content\/uploads\/2018\/05\/tlo.jpg 2048w\" sizes=\"auto, (max-width: 200px) 100vw, 200px\" \/><\/a><\/figure>\n\n<div class=\"wp-block-post-excerpt\"><p class=\"wp-block-post-excerpt__excerpt\">W niedziel\u0119 24-06-2018 r. mi\u0142o\u015bnicy golfa mogli sprawdzi\u0107 swoje umiej\u0119tno\u015bci w Alte Farm w Rusowie podczas Turnieju Golfowego o Puchar Prezydenta Miasta Ko\u0142obrzeg 2018. Tak, jak zawsze od godziny 11.00 podczas turniej\u00f3w &#8211; gwarantowali\u015bmy udan\u0105 zabaw\u0119, zaciek\u0142\u0105 sportow\u0105 rywalizacj\u0119 i satysfakcjonuj\u0105c\u0105 gr\u0119. Puchar Prezydenta Miasta Ko\u0142obrzeg w 2018 roku zdoby\u0142 Marek Kopczy\u0144ski. Serdecznie gratulujemy zwyci\u0119zcy&hellip; <\/p><\/div>\n\n\n<hr class=\"wp-block-separator has-css-opacity\"\/>\n\n\n<div class=\"wp-block-post-date\"><time datetime=\"%2\"><\/time><\/div>\n<\/li><li class=\"wp-block-post post-1654 post type-post status-publish format-standard has-post-thumbnail hentry category-golf-driving-range\">\n<h2 class=\"wp-block-post-title\"><a href=\"https:\/\/alte-farm.pl\/golf\/turniej-golfowy-o-puchar-wojta-gminy-ustronie-morskie-3\/\" target=\"_self\" >Turniej Golfowy o Puchar W\u00f3jta Gminy Ustronie Morskie<\/a><\/h2>\n\n<figure class=\"alignwide wp-block-post-featured-image\"><a href=\"https:\/\/alte-farm.pl\/golf\/turniej-golfowy-o-puchar-wojta-gminy-ustronie-morskie-3\/\" target=\"_self\"  ><img loading=\"lazy\" decoding=\"async\" width=\"133\" height=\"200\" src=\"https:\/\/alte-farm.pl\/golf\/wp-content\/uploads\/2018\/05\/IMG_2458-133x200.jpg\" class=\"attachment-post-thumbnail size-post-thumbnail wp-post-image\" alt=\"Turniej Golfowy o Puchar W\u00f3jta Gminy Ustronie Morskie\" style=\"object-fit:cover;\" srcset=\"https:\/\/alte-farm.pl\/golf\/wp-content\/uploads\/2018\/05\/IMG_2458-133x200.jpg 133w, https:\/\/alte-farm.pl\/golf\/wp-content\/uploads\/2018\/05\/IMG_2458-200x300.jpg 200w, https:\/\/alte-farm.pl\/golf\/wp-content\/uploads\/2018\/05\/IMG_2458.jpg 399w\" sizes=\"auto, (max-width: 133px) 100vw, 133px\" \/><\/a><\/figure>\n\n<div class=\"wp-block-post-excerpt\"><p class=\"wp-block-post-excerpt__excerpt\">W dniu 6 maja 2018 mi\u0119dzy 11.00 a 17.00 na Alte-Farm w Rusowie odbywa\u0142 si\u0119 Turniej Golfowy o Puchar W\u00f3jta Gminy Ustronie Morskie 2018. Pierwsze miejsce zdoby\u0142 Marek Kopczy\u0144ski z wynikiem 88 pkt. Drugie miejsce zaj\u0105\u0142 Marek Rojek z wynikiem 92 pkt. Natomiast trzecie miejsce zdoby\u0142 Mieczys\u0142aw Kuchcik zdobywaj\u0105c 98 pkt. Gratulujemy golfistom i mamy&hellip; <\/p><\/div>\n\n\n<hr class=\"wp-block-separator has-css-opacity\"\/>\n\n\n<div class=\"wp-block-post-date\"><time datetime=\"%2\"><\/time><\/div>\n<\/li><li class=\"wp-block-post post-1565 post type-post status-publish format-standard has-post-thumbnail hentry category-golf-driving-range\">\n<h2 class=\"wp-block-post-title\"><a href=\"https:\/\/alte-farm.pl\/golf\/turniej-o-puchar-alte-farm-w-rusowie-2017\/\" target=\"_self\" >Turniej o Puchar Alte Farm w Rusowie 2017<\/a><\/h2>\n\n<figure class=\"alignwide wp-block-post-featured-image\"><a href=\"https:\/\/alte-farm.pl\/golf\/turniej-o-puchar-alte-farm-w-rusowie-2017\/\" target=\"_self\"  ><img loading=\"lazy\" decoding=\"async\" width=\"200\" height=\"150\" src=\"https:\/\/alte-farm.pl\/golf\/wp-content\/uploads\/2017\/10\/22382249_1646914365359050_6752132816526698094_o-200x150.jpg\" class=\"attachment-post-thumbnail size-post-thumbnail wp-post-image\" alt=\"Turniej o Puchar Alte Farm w Rusowie 2017\" style=\"object-fit:cover;\" srcset=\"https:\/\/alte-farm.pl\/golf\/wp-content\/uploads\/2017\/10\/22382249_1646914365359050_6752132816526698094_o-200x150.jpg 200w, https:\/\/alte-farm.pl\/golf\/wp-content\/uploads\/2017\/10\/22382249_1646914365359050_6752132816526698094_o-300x225.jpg 300w, https:\/\/alte-farm.pl\/golf\/wp-content\/uploads\/2017\/10\/22382249_1646914365359050_6752132816526698094_o-768x576.jpg 768w, https:\/\/alte-farm.pl\/golf\/wp-content\/uploads\/2017\/10\/22382249_1646914365359050_6752132816526698094_o-1024x768.jpg 1024w, https:\/\/alte-farm.pl\/golf\/wp-content\/uploads\/2017\/10\/22382249_1646914365359050_6752132816526698094_o.jpg 2048w\" sizes=\"auto, (max-width: 200px) 100vw, 200px\" \/><\/a><\/figure>\n\n<div class=\"wp-block-post-excerpt\"><p class=\"wp-block-post-excerpt__excerpt\">Turniej odby\u0142 si\u0119 na polu golfowym Alte Farm w Rusowie w dniu 8 pa\u017adziernik 2017 (niedziela), o godz. 11.00. Mistrzem Klubu Alte Farm 2017 zosta\u0142 Robert Kami\u0144ski. W turnieju II miejsce zaj\u0105\u0142 Marek Rojek, a III miejsce po dogrywce zdoby\u0142 Filip Kopryk. Najlepszym golfist\u0105 zosta\u0142 Filip Kopryk Junior, kt\u00f3ry w tym roku rozpocz\u0105\u0142 swoj\u0105 przygod\u0119&hellip; <\/p><\/div>\n\n\n<hr class=\"wp-block-separator has-css-opacity\"\/>\n\n\n<div class=\"wp-block-post-date\"><time datetime=\"%2\"><\/time><\/div>\n<\/li><li class=\"wp-block-post post-1550 post type-post status-publish format-standard has-post-thumbnail hentry category-golf-driving-range\">\n<h2 class=\"wp-block-post-title\"><a href=\"https:\/\/alte-farm.pl\/golf\/najtrudniejszy-pierwszy\/\" target=\"_self\" >Najtrudniejszy pierwszy krok&#8230;<\/a><\/h2>\n\n<figure class=\"alignwide wp-block-post-featured-image\"><a href=\"https:\/\/alte-farm.pl\/golf\/najtrudniejszy-pierwszy\/\" target=\"_self\"  ><img loading=\"lazy\" decoding=\"async\" width=\"200\" height=\"163\" src=\"https:\/\/alte-farm.pl\/golf\/wp-content\/uploads\/2017\/09\/21077357_10210357008497314_7568467146234432749_n-200x163.jpg\" class=\"attachment-post-thumbnail size-post-thumbnail wp-post-image\" alt=\"Najtrudniejszy pierwszy krok&#8230;\" style=\"object-fit:cover;\" srcset=\"https:\/\/alte-farm.pl\/golf\/wp-content\/uploads\/2017\/09\/21077357_10210357008497314_7568467146234432749_n-200x163.jpg 200w, https:\/\/alte-farm.pl\/golf\/wp-content\/uploads\/2017\/09\/21077357_10210357008497314_7568467146234432749_n-300x245.jpg 300w, https:\/\/alte-farm.pl\/golf\/wp-content\/uploads\/2017\/09\/21077357_10210357008497314_7568467146234432749_n-768x627.jpg 768w, https:\/\/alte-farm.pl\/golf\/wp-content\/uploads\/2017\/09\/21077357_10210357008497314_7568467146234432749_n.jpg 960w\" sizes=\"auto, (max-width: 200px) 100vw, 200px\" \/><\/a><\/figure>\n\n<div class=\"wp-block-post-excerpt\"><p class=\"wp-block-post-excerpt__excerpt\">Najtrudniejszy pierwszy krok&#8230; Bardzo cieszymy si\u0119 z wpisu na Facebooku Pana Roberta Ma\u0142kiewicz: &#8222;Pierwsza lekcja gry w golfa ju\u017c za nami. Dzisiejsze popo\u0142udnie sp\u0119dzone w Alte Farm na polu golfowym Golf Driving Range w Rusowie ko\u0142o Ustronia Morskiego by\u0142o pouczaj\u0105ce. Polecam Wszystkim.&#8221; <\/p><\/div>\n\n\n<hr class=\"wp-block-separator has-css-opacity\"\/>\n\n\n<div class=\"wp-block-post-date\"><time datetime=\"%2\"><\/time><\/div>\n<\/li><li class=\"wp-block-post post-1350 post type-post status-publish format-standard has-post-thumbnail hentry category-golf-driving-range\">\n<h2 class=\"wp-block-post-title\"><a href=\"https:\/\/alte-farm.pl\/golf\/drugi-turniej-golfowy-pod-marka-firmus\/\" target=\"_self\" >Turniej Golfowy o Puchar Firmus Group<\/a><\/h2>\n\n<figure class=\"alignwide wp-block-post-featured-image\"><a href=\"https:\/\/alte-farm.pl\/golf\/drugi-turniej-golfowy-pod-marka-firmus\/\" target=\"_self\"  ><img loading=\"lazy\" decoding=\"async\" width=\"200\" height=\"200\" src=\"https:\/\/alte-farm.pl\/golf\/wp-content\/uploads\/2017\/08\/20621126_1588828021167685_5491563005772818873_n-200x200.jpg\" class=\"attachment-post-thumbnail size-post-thumbnail wp-post-image\" alt=\"Turniej Golfowy o Puchar Firmus Group\" style=\"object-fit:cover;\" srcset=\"https:\/\/alte-farm.pl\/golf\/wp-content\/uploads\/2017\/08\/20621126_1588828021167685_5491563005772818873_n-200x200.jpg 200w, https:\/\/alte-farm.pl\/golf\/wp-content\/uploads\/2017\/08\/20621126_1588828021167685_5491563005772818873_n-150x150.jpg 150w, https:\/\/alte-farm.pl\/golf\/wp-content\/uploads\/2017\/08\/20621126_1588828021167685_5491563005772818873_n-300x300.jpg 300w, https:\/\/alte-farm.pl\/golf\/wp-content\/uploads\/2017\/08\/20621126_1588828021167685_5491563005772818873_n-768x768.jpg 768w, https:\/\/alte-farm.pl\/golf\/wp-content\/uploads\/2017\/08\/20621126_1588828021167685_5491563005772818873_n-800x800.jpg 800w, https:\/\/alte-farm.pl\/golf\/wp-content\/uploads\/2017\/08\/20621126_1588828021167685_5491563005772818873_n.jpg 960w\" sizes=\"auto, (max-width: 200px) 100vw, 200px\" \/><\/a><\/figure>\n\n<div class=\"wp-block-post-excerpt\"><p class=\"wp-block-post-excerpt__excerpt\">Turniej o Puchar Firmus Group za nami. By\u0142o nam bardzo mi\u0142o go\u015bci\u0107 pracownik\u00f3w firmy Firmus i naszych golfist\u00f3w. Relaks, dobra zabawa na \u015bwie\u017cym powietrzu, smaczne jedzonko oraz kibicowanie graczom &#8211; mam nadziej\u0119, pozwoli\u0142a Wam wszystkim odpocz\u0105\u0107 i zrelaksowa\u0107 si\u0119 po tygodniach ci\u0119\u017ckiej pracy. Dobra pogoda jeszcze lepiej wp\u0142yn\u0119\u0142a na wyniki i rywalizacj\u0119 mi\u0119dzy golfistami, a&hellip; <\/p><\/div>\n\n\n<hr class=\"wp-block-separator has-css-opacity\"\/>\n\n\n<div class=\"wp-block-post-date\"><time datetime=\"%2\"><\/time><\/div>\n<\/li><\/ul><\/div>","protected":false},"excerpt":{"rendered":"","protected":false},"author":1,"featured_media":0,"parent":0,"menu_order":0,"comment_status":"closed","ping_status":"closed","template":"","meta":{"ngg_post_thumbnail":0,"footnotes":""},"class_list":["post-334","page","type-page","status-publish","hentry"],"_links":{"self":[{"href":"https:\/\/alte-farm.pl\/golf\/wp-json\/wp\/v2\/pages\/334","targetHints":{"allow":["GET"]}}],"collection":[{"href":"https:\/\/alte-farm.pl\/golf\/wp-json\/wp\/v2\/pages"}],"about":[{"href":"https:\/\/alte-farm.pl\/golf\/wp-json\/wp\/v2\/types\/page"}],"author":[{"embeddable":true,"href":"https:\/\/alte-farm.pl\/golf\/wp-json\/wp\/v2\/users\/1"}],"replies":[{"embeddable":true,"href":"https:\/\/alte-farm.pl\/golf\/wp-json\/wp\/v2\/comments?post=334"}],"version-history":[{"count":6,"href":"https:\/\/alte-farm.pl\/golf\/wp-json\/wp\/v2\/pages\/334\/revisions"}],"predecessor-version":[{"id":2446,"href":"https:\/\/alte-farm.pl\/golf\/wp-json\/wp\/v2\/pages\/334\/revisions\/2446"}],"wp:attachment":[{"href":"https:\/\/alte-farm.pl\/golf\/wp-json\/wp\/v2\/media?parent=334"}],"curies":[{"name":"wp","href":"https:\/\/api.w.org\/{rel}","templated":true}]}}