{"id":34,"date":"2011-11-15T20:10:32","date_gmt":"2011-11-15T20:10:32","guid":{"rendered":"http:\/\/alte-farm.pl\/?page_id=34"},"modified":"2025-12-17T21:53:16","modified_gmt":"2025-12-17T21:53:16","slug":"oferta","status":"publish","type":"page","link":"https:\/\/alte-farm.pl\/golf\/oferta\/","title":{"rendered":"Oferta"},"content":{"rendered":"<p><\/p>\n<p align=\"justify\">W Alte Farm w Rusowie oferujemy Pa\u0144stwu pole golfowe 9-do\u0142kowe PAR 36, jak r\u00f3wnie\u017c kompleksowo wyposa\u017cone apartamenty do wynaj\u0119cia w naszym przytulnym pensjonacie. Nauczymy Pa\u0144stwa i Pa\u0144stwa dzieci gra\u0107 w golfa, a Ci co ju\u017c umiej\u0105 gra\u0107, mog\u0105 u nas zagra\u0107 turnieje golfowe na profesjonalnie przygotowanym polu golfowym.<\/p>\n<p align=\"justify\">Organizujemy w Alte Farm szereg imprez&nbsp; integracyjnych, rodzinnych i okoliczno\u015bciowych (takich jak: urodziny, imieniny, chrzty, przyj\u0119cia weselne, eventy firmowe i golfowe), pikniki s\u0105 ju\u017c u nas tradycj\u0105 dla wielu z odwiedzaj\u0105cych nas cyklicznie go\u015bci. Ch\u0119tnie go\u015bcimy u nas wycieczki szkolne, uczestnik\u00f3w szkole\u0144 i konferencji. Jest to wymarzone miejsce na r\u00f3\u017cnego rodzaju zgrupowania, gdzie r\u00f3wnie\u017c mo\u017cna przenocowa\u0107 &#8211; zapewniamy 30 miejsc noclegowych.<\/p>\n<p align=\"justify\">W naszym kompleksie Alte Farm mamy kawiarni\u0119 z restauracj\u0105, basen, wypo\u017cyczalni\u0119 sprz\u0119tu sportowego i rower\u00f3w, boisko do siatk\u00f3wki, plac zabaw dla dzieci oraz miejsce na zorganizowanie grilla i ogniska. W restauracji mo\u017cecie Pa\u0144stwo zje\u015b\u0107 zdrowe i domowe jedzenie, jak r\u00f3wnie\u017c skosztowa\u0107 \u015bwie\u017cych domowych ciast.<\/p>\n<p align=\"justify\">Pomo\u017cemy Pa\u0144stwu zorganizowa\u0107 lot motolotni\u0105 oraz wyj\u015bcie do zaprzyja\u017anionego s\u0105siedniego gospodarstwa rolnego, gdzie b\u0119dziecie mogli Pa\u0144stwo doi\u0107 krowy i pi\u0107 \u015bwie\u017cutkie, ciep\u0142e mleko prosto od krowy. Jest to nie lada atrakcja zar\u00f3wno dla dzieci, jak i dla samych doros\u0142ych, kt\u00f3rzy mog\u0105 &#8222;skosztowa\u0107&#8221; \u017cycia wiejskiego &#8211; pozna\u0107 sprz\u0119t rolniczy, \u017cycie na wsi oraz zaznajomi\u0107 si\u0119 ze zwierz\u0119tami wiejskimi. Dooko\u0142a Alte Farm s\u0105 szlaki rowerowe, dzi\u0119ki czemu nasza lokalizacja stanowi doskona\u0142\u0105 baz\u0119 wypadow\u0105 dla rowerzyst\u00f3w i mi\u0142o\u015bnik\u00f3w koni (w pobli\u017cu istnieje profesjonalna stadnina koni). Zajmujemy si\u0119 r\u00f3wnie\u017c organizacj\u0105 wycieczek do Parku Podworskiego w Rusowie i zabytkowego ko\u015bci\u00f3\u0142ka.<\/p>\n<p align=\"justify\">Ch\u0119tnie udost\u0119pnimy teren do wykonania zdj\u0119\u0107, zar\u00f3wno tych profesjonalnych, jak r\u00f3wnie\u017c amatorskich. Wynajmujemy r\u00f3wnie\u017c sal\u0119 i przylegaj\u0105cy do niej teren do organizacji w\u0142asnej imprezy (z Pa\u0144stwa obs\u0142ug\u0105).<\/p>\n<p align=\"justify\">Kompleks Alte Farm w Rusowie jest obiektem ca\u0142orocznym, a na Pa\u0144stwa \u017cyczenie wystawiamy faktury.<\/p>\n<p align=\"justify\">Serdecznie zapraszamy Pa\u0144stwa do skorzystania z naszej oferty, a zapewniamy, \u017ce zaoferujemy Pa\u0144stwu niezapomniane i mi\u0142e wra\u017cenia podczas wypoczynku i zapewnimy r\u00f3\u017cne alternatywne formy sp\u0119dzania wolnego czasu i rekreacji dla ka\u017cdego.<\/p>\n<p><\/p>","protected":false},"excerpt":{"rendered":"<p>W Alte Farm w Rusowie oferujemy Pa\u0144stwu pole golfowe 9-do\u0142kowe PAR 36, jak r\u00f3wnie\u017c kompleksowo wyposa\u017cone apartamenty do wynaj\u0119cia w naszym przytulnym pensjonacie. Nauczymy Pa\u0144stwa i Pa\u0144stwa dzieci gra\u0107 w golfa, a Ci co ju\u017c umiej\u0105 gra\u0107, mog\u0105 u nas zagra\u0107 turnieje golfowe na profesjonalnie przygotowanym polu golfowym. Organizujemy w Alte Farm szereg imprez&nbsp; integracyjnych, [&hellip;]<\/p>\n","protected":false},"author":1,"featured_media":0,"parent":0,"menu_order":0,"comment_status":"closed","ping_status":"closed","template":"","meta":{"ngg_post_thumbnail":0,"footnotes":""},"class_list":["post-34","page","type-page","status-publish","hentry"],"_links":{"self":[{"href":"https:\/\/alte-farm.pl\/golf\/wp-json\/wp\/v2\/pages\/34","targetHints":{"allow":["GET"]}}],"collection":[{"href":"https:\/\/alte-farm.pl\/golf\/wp-json\/wp\/v2\/pages"}],"about":[{"href":"https:\/\/alte-farm.pl\/golf\/wp-json\/wp\/v2\/types\/page"}],"author":[{"embeddable":true,"href":"https:\/\/alte-farm.pl\/golf\/wp-json\/wp\/v2\/users\/1"}],"replies":[{"embeddable":true,"href":"https:\/\/alte-farm.pl\/golf\/wp-json\/wp\/v2\/comments?post=34"}],"version-history":[{"count":14,"href":"https:\/\/alte-farm.pl\/golf\/wp-json\/wp\/v2\/pages\/34\/revisions"}],"predecessor-version":[{"id":2453,"href":"https:\/\/alte-farm.pl\/golf\/wp-json\/wp\/v2\/pages\/34\/revisions\/2453"}],"wp:attachment":[{"href":"https:\/\/alte-farm.pl\/golf\/wp-json\/wp\/v2\/media?parent=34"}],"curies":[{"name":"wp","href":"https:\/\/api.w.org\/{rel}","templated":true}]}}